{"id":10,"date":"2024-02-26T13:27:14","date_gmt":"2024-02-26T12:27:14","guid":{"rendered":"https:\/\/achermann.de\/?page_id=10"},"modified":"2025-06-23T13:01:51","modified_gmt":"2025-06-23T11:01:51","slug":"impressum","status":"publish","type":"page","link":"https:\/\/achermann.de\/?page_id=10","title":{"rendered":"Impressum"},"content":{"rendered":"\n<p><strong>Impressum&nbsp;<\/strong><\/p>\n\n\n\n<p><strong>Jo Achermann<\/strong><br>Fredericiastrasse 5\u00a0<br>14059 Berlin<br>E- Mail: <a href=\"mailto:joachermann@gmx.de\">joachermann@gmx.de<\/a><\/p>\n\n\n\n<p>Diese Webseite ist bei <a href=\"https:\/\/www.variomedia.de\/\">https:\/\/www.variomedia.de\/<\/a> gehostet.<\/p>\n\n\n\n<p><strong>Gestaltung und Inhalt<\/strong><br>Jean-Fran\u00e7ois Guiton\u00a0und Jo Achermann<\/p>\n\n\n\n<p><strong>Photographie und Video<\/strong><br>Jo Achermann und ggfs. angegebene Autoren<\/p>\n\n\n\n<p>Haftungsbeschr\u00e4nkung<br>Die Inhalte dieser Website werden mit gr\u00f6\u00dftm\u00f6glicher Sorgfalt erstellt. Der Anbieter \u00fcbernimmt jedoch keine Gew\u00e4hr f\u00fcr die Richtigkeit, Vollst\u00e4ndigkeit und Aktualit\u00e4t der bereitgestellten Inhalte. Die Nutzung der Inhalte der Website erfolgt auf eigene Gefahr des Nutzers. Namentlich gekennzeichnete Beitr\u00e4ge geben die Meinung des jeweiligen Autors und nicht immer die Meinung des Anbieters wieder. Mit der reinen Nutzung der Website des Anbieters kommt keinerlei Vertragsverh\u00e4ltnis zwischen dem Nutzer und dem Anbieter zustande.<\/p>\n\n\n\n<p>Externe Links<br>Diese Website enth\u00e4lt Verkn\u00fcpfungen zu Websites Dritter (&#8222;externe Links&#8220;). Diese Websites unterliegen der Haftung der jeweiligen Betreiber. Der Anbieter hat bei der erstmaligen Verkn\u00fcpfung der externen Links die fremden Inhalte daraufhin \u00fcberpr\u00fcft, ob etwaige Rechtsverst\u00f6\u00dfe bestehen. Zu dem Zeitpunkt waren keine Rechtsverst\u00f6\u00dfe ersichtlich. Der Anbieter hat keinerlei Einfluss auf die aktuelle und zuk\u00fcnftige Gestaltung und auf die Inhalte der verkn\u00fcpften Seiten. Das Setzen von externen Links bedeutet nicht, dass sich der Anbieter die hinter dem Verweis oder Link liegenden Inhalte zu Eigen macht. Eine st\u00e4ndige Kontrolle der externen Links ist f\u00fcr den Anbieter ohne konkrete Hinweise auf Rechtsverst\u00f6\u00dfe nicht zumutbar. Bei Kenntnis von Rechtsverst\u00f6\u00dfen werden jedoch derartige externe Links unverz\u00fcglich gel\u00f6scht.<\/p>\n\n\n\n<p>Urheber- und Leistungsschutzrechte<br>Die auf dieser Website ver\u00f6ffentlichten Inhalte unterliegen dem deutschen Urheber- und Leistungsschutzrecht. Jede vom deutschen Urheber- und Leistungsschutzrecht nicht zugelassene Verwertung bedarf der vorherigen schriftlichen Zustimmung des Anbieters oder jeweiligen Rechteinhabers. Dies gilt insbesondere f\u00fcr Vervielf\u00e4ltigung, Bearbeitung, \u00dcbersetzung, Einspeicherung, Verarbeitung bzw. Wiedergabe von Inhalten in Datenbanken oder anderen elektronischen Medien und Systemen. Inhalte und Rechte Dritter sind dabei als solche gekennzeichnet. Die unerlaubte Vervielf\u00e4ltigung oder Weitergabe einzelner Inhalte oder kompletter Seiten ist nicht gestattet und strafbar. Lediglich die Herstellung von Kopien und Downloads f\u00fcr den pers\u00f6nlichen, privaten und nicht kommerziellen Gebrauch ist erlaubt. Die Darstellung dieser Website in fremden Frames ist nur mit schriftlicher Erlaubnis zul\u00e4ssig.<\/p>\n\n\n\n<p>Besondere Nutzungsbedingungen<br>Soweit besondere Bedingungen f\u00fcr einzelne Nutzungen dieser Website von den vorgenannten Paragraphen abweichen, wird an entsprechender Stelle ausdr\u00fccklich darauf hingewiesen. In diesem Falle gelten im jeweiligen Einzelfall die besonderen Nutzungsbedingungen.<\/p>\n\n\n\n<p><strong>Datenschutz&nbsp;<\/strong><\/p>\n\n\n\n<p>Die gesetzlichen Regelungen zum Datenschutz gehen aus der europ\u00e4ischen Datenschutzgrundverordnung hervor. Das Bundesdatenschutzgesetz (BDSG) und das Telemediengesetz (TMG) gelten erg\u00e4nzend.<\/p>\n\n\n\n<p>Zu den personenbezogenen Daten geh\u00f6ren beispielsweise der Name, die Anschrift oder das Geburtsdatum des Nutzers (vgl. Art. 4 DSGVO). Diese Informationen werden nur gem\u00e4\u00df der gesetzlichen Datenschutzbestimmungen auf der Website erhoben und verarbeitet.<\/p>\n\n\n\n<p>Zugriffsdaten<br>Der Seitenbetreiber erhebt, auf Grund eines berechtigten Interesses folgende Daten:<\/p>\n\n\n\n<ul class=\"wp-block-list\">\n<li>Zielwebsite<\/li>\n\n\n\n<li>Zeitpunkt des Zugriffs<\/li>\n\n\n\n<li>Gesendete Datenmenge<\/li>\n\n\n\n<li>Quellseite<\/li>\n\n\n\n<li>verwendeter Browser<\/li>\n\n\n\n<li>Verwendetes Betriebssystem<\/li>\n\n\n\n<li>IP-Adresse<\/li>\n<\/ul>\n\n\n\n<p>Die Daten werden maximal 7 Tage gespeichert und anschlie\u00dfend gel\u00f6scht. Die Speicherung dient der Sicherheit, um Missbrauch verfolgen und aufkl\u00e4ren zu k\u00f6nnen. Tritt ein solcher Fall ein, k\u00f6nnen die betroffenen Daten bis zur Kl\u00e4rung des Vorfalls gespeichert bleiben.<\/p>\n\n\n\n<p>Erfassung und Verarbeitung personenbezogener Daten<br>Die im Rahmen der Nutzung anfallenden personenbezogenen Daten, die durch den Betreiber erhoben werden, werden nur mit ausdr\u00fccklicher Einverst\u00e4ndniserkl\u00e4rung oder unter Anwendung gesetzlicher Regeln weitergegeben. Auch hier gelten die Betroffenenrechte auf L\u00f6schung, Korrektur etc.<\/p>\n\n\n\n<p>Bei einer anonymen Nutzung der Seite werden nur die nicht personenbezogenen Daten gespeichert und dazu verwendet das Online-Angebot zu verbessern. Eine R\u00fcckverfolgung \u00fcber diese Daten ist nicht m\u00f6glich.<\/p>\n\n\n\n<p>Cookies<br>Diese Internetseite enth\u00e4lt keine Programmierung die Cookies auf ihren Rechnern hinterl\u00e4sst.<\/p>\n\n\n\n<p>Umgang mit \u00f6ffentlichen Kommentaren und Beitr\u00e4gen<br>Um auf der Seite die Rechte der Nutzer sch\u00fctzen zu k\u00f6nnen, speichern wir, wenn Sie einen Beitrag oder Kommentar hinterlassen die IP-Adresse. Damit soll eine Verfolgung illegaler Inhalte erm\u00f6glicht werden.<\/p>\n\n\n\n<p>Recht auf Auskunft\/L\u00f6schung\/Widerruf<br>Die Datenschutzgrundverordnung r\u00e4umt es dem Nutzer ein, sich unentgeltlich bei dem Betreiber der Website dar\u00fcber zu informieren, welche personenbezogenen Daten gespeichert werden. Dar\u00fcber hinaus steht es diesem zu, eine L\u00f6schung, Sperrung oder Berichtigung falscher Daten zu veranlassen, soweit keine gesetzliche Aufbewahrungspflicht zu beachten ist.<\/p>\n","protected":false},"excerpt":{"rendered":"<p class=\"more-link\"><a href=\"https:\/\/achermann.de\/?page_id=10\" class=\"readmore\"><svg class=\"icon icon-arrow-right\" aria-hidden=\"true\" role=\"img\"> <use href=\"#icon-arrow-right\" xlink:href=\"#icon-arrow-right\"><\/use> <\/svg><span class=\"screen-reader-text\">Impressum<\/span><\/a><\/p>\n","protected":false},"author":1,"featured_media":0,"parent":0,"menu_order":0,"comment_status":"closed","ping_status":"closed","template":"","meta":{"footnotes":""},"class_list":["post-10","page","type-page","status-publish","hentry"],"_links":{"self":[{"href":"https:\/\/achermann.de\/index.php?rest_route=\/wp\/v2\/pages\/10","targetHints":{"allow":["GET"]}}],"collection":[{"href":"https:\/\/achermann.de\/index.php?rest_route=\/wp\/v2\/pages"}],"about":[{"href":"https:\/\/achermann.de\/index.php?rest_route=\/wp\/v2\/types\/page"}],"author":[{"embeddable":true,"href":"https:\/\/achermann.de\/index.php?rest_route=\/wp\/v2\/users\/1"}],"replies":[{"embeddable":true,"href":"https:\/\/achermann.de\/index.php?rest_route=%2Fwp%2Fv2%2Fcomments&post=10"}],"version-history":[{"count":3,"href":"https:\/\/achermann.de\/index.php?rest_route=\/wp\/v2\/pages\/10\/revisions"}],"predecessor-version":[{"id":362,"href":"https:\/\/achermann.de\/index.php?rest_route=\/wp\/v2\/pages\/10\/revisions\/362"}],"wp:attachment":[{"href":"https:\/\/achermann.de\/index.php?rest_route=%2Fwp%2Fv2%2Fmedia&parent=10"}],"curies":[{"name":"wp","href":"https:\/\/api.w.org\/{rel}","templated":true}]}}